{"id":191,"date":"2023-03-13T12:48:47","date_gmt":"2023-03-13T11:48:47","guid":{"rendered":"http:\/\/pharmamerl.lu\/nos-produits\/"},"modified":"2023-04-27T10:34:19","modified_gmt":"2023-04-27T08:34:19","slug":"our-products","status":"publish","type":"page","link":"https:\/\/pharmamerl.lu\/en\/our-products\/","title":{"rendered":"Our products"},"content":{"rendered":"<section class=\"wpb-content-wrapper\"><p>[vc_section full_width=&#8221;stretch_row_content&#8221; el_id=&#8221;intro&#8221; css=&#8221;.vc_custom_1678791177922{background-image: url(\/wp-content\/uploads\/2023\/03\/Mask-Group-6.jpg?id=71) !important;}&#8221;][vc_row full_width=&#8221;stretch_row_content_no_spaces&#8221;][vc_column][vc_single_image image=&#8221;30&#8243; img_size=&#8221;full&#8221; el_id=&#8221;intro-img&#8221; el_class=&#8221;no-space-img&#8221;][\/vc_column][\/vc_row][\/vc_section][vc_section][vc_row][vc_column][vc_column_text]<\/p>\n<h1 class=\"al-center top-mar-1 bot-mar-1\">Our parapharmacy and well-being department<\/h1>\n<p>[\/vc_column_text][vc_column_text]Find in our parapharmacy space a large selection of products adapted to your needs. This selection of beauty and care products ensures your hygiene and well-being.[\/vc_column_text][vc_column_text]As your health and well-being are our priority we offer you only tested products from high quality brands.[\/vc_column_text][\/vc_column][\/vc_row][\/vc_section][vc_section][vc_row el_class=&#8221;prod-intro-row&#8221;][vc_column][vc_column_text el_id=&#8221;prod-0&#8243;]<\/p>\n<div class=\"prod-intro-text\">\n<p><img decoding=\"async\" src=\"\/wp-content\/uploads\/2023\/03\/Group-271.png\" \/><\/p>\n<h3 class=\"upper white\">Parapharmacy<\/h3>\n<\/div>\n<p>[\/vc_column_text][\/vc_column][\/vc_row][vc_row el_class=&#8221;prod-row&#8221;][vc_column width=&#8221;1\/4&#8243;][vc_single_image image=&#8221;84&#8243; img_size=&#8221;full&#8221; alignment=&#8221;center&#8221; el_class=&#8221;no-space-img&#8221;][vc_column_text el_class=&#8221;al-center colored prod-name&#8221;]<strong>Caudalie<\/strong>[\/vc_column_text][\/vc_column][vc_column width=&#8221;1\/4&#8243;][vc_single_image image=&#8221;96&#8243; img_size=&#8221;full&#8221; alignment=&#8221;center&#8221; el_class=&#8221;no-space-img&#8221;][vc_column_text el_class=&#8221;al-center colored prod-name&#8221;]<strong>La Roche-Posay<\/strong>[\/vc_column_text][\/vc_column][vc_column width=&#8221;1\/4&#8243;][vc_single_image image=&#8221;104&#8243; img_size=&#8221;full&#8221; alignment=&#8221;center&#8221; el_class=&#8221;no-space-img&#8221;][vc_column_text el_class=&#8221;al-center colored prod-name&#8221;]<strong>Av\u00e8ne<\/strong>[\/vc_column_text][\/vc_column][vc_column width=&#8221;1\/4&#8243;][vc_single_image image=&#8221;112&#8243; img_size=&#8221;full&#8221; alignment=&#8221;center&#8221; el_class=&#8221;no-space-img&#8221;][vc_column_text el_class=&#8221;al-center colored prod-name&#8221;]<strong>Louis Widmer<\/strong>[\/vc_column_text][\/vc_column][\/vc_row][vc_row el_class=&#8221;prod-row&#8221;][vc_column width=&#8221;1\/4&#8243;][vc_single_image image=&#8221;90&#8243; img_size=&#8221;full&#8221; alignment=&#8221;center&#8221; el_class=&#8221;no-space-img&#8221;][vc_column_text el_class=&#8221;al-center colored prod-name&#8221;]<strong>Cerave<\/strong>[\/vc_column_text][\/vc_column][vc_column width=&#8221;1\/4&#8243;][vc_single_image image=&#8221;102&#8243; img_size=&#8221;full&#8221; alignment=&#8221;center&#8221; el_class=&#8221;no-space-img&#8221;][vc_column_text el_class=&#8221;al-center colored prod-name&#8221;]<strong>Dercos<\/strong>[\/vc_column_text][\/vc_column][vc_column width=&#8221;1\/4&#8243;][vc_single_image image=&#8221;110&#8243; img_size=&#8221;full&#8221; alignment=&#8221;center&#8221; el_class=&#8221;no-space-img&#8221;][vc_column_text el_class=&#8221;al-center colored prod-name&#8221;]<strong>Vichy Homme<\/strong>[\/vc_column_text][\/vc_column][vc_column width=&#8221;1\/4&#8243;][vc_single_image image=&#8221;82&#8243; img_size=&#8221;full&#8221; alignment=&#8221;center&#8221; el_class=&#8221;no-space-img&#8221;][vc_column_text el_class=&#8221;al-center colored prod-name&#8221;]<strong>Vichy<\/strong>[\/vc_column_text][\/vc_column][\/vc_row][vc_row el_class=&#8221;prod-row&#8221;][vc_column width=&#8221;1\/4&#8243;][vc_single_image image=&#8221;92&#8243; img_size=&#8221;full&#8221; alignment=&#8221;center&#8221; el_class=&#8221;no-space-img&#8221;][vc_column_text el_class=&#8221;al-center colored prod-name&#8221;]<strong>Eucerin<\/strong>[\/vc_column_text][\/vc_column][vc_column width=&#8221;1\/4&#8243;][\/vc_column][vc_column width=&#8221;1\/4&#8243;][\/vc_column][vc_column width=&#8221;1\/4&#8243;][\/vc_column][\/vc_row][\/vc_section][vc_section][vc_row el_class=&#8221;prod-intro-row&#8221;][vc_column][vc_column_text el_id=&#8221;prod-1&#8243;]<\/p>\n<div class=\"prod-intro-text\">\n<p><img decoding=\"async\" src=\"\/wp-content\/uploads\/2023\/03\/Group-278.png\" \/><\/p>\n<h3 class=\"upper white\">Aromatherapy<\/h3>\n<\/div>\n<p>[\/vc_column_text][\/vc_column][\/vc_row][vc_row el_class=&#8221;prod-row&#8221;][vc_column width=&#8221;1\/4&#8243;][vc_single_image image=&#8221;94&#8243; img_size=&#8221;full&#8221; alignment=&#8221;center&#8221; el_class=&#8221;no-space-img&#8221;][vc_column_text el_class=&#8221;al-center colored prod-name&#8221;]<strong>Puressentiel<\/strong>[\/vc_column_text][\/vc_column][vc_column width=&#8221;1\/4&#8243;][\/vc_column][vc_column width=&#8221;1\/4&#8243;][\/vc_column][vc_column width=&#8221;1\/4&#8243;][\/vc_column][\/vc_row][\/vc_section][vc_section][vc_row el_class=&#8221;prod-intro-row&#8221;][vc_column][vc_column_text el_id=&#8221;prod-2&#8243;]<\/p>\n<div class=\"prod-intro-text\">\n<p><img decoding=\"async\" src=\"\/wp-content\/uploads\/2023\/03\/Group-279.png\" \/><\/p>\n<h3 class=\"upper white\">Phytotherapy<\/h3>\n<\/div>\n<p>[\/vc_column_text][\/vc_column][\/vc_row][vc_row el_class=&#8221;prod-row&#8221;][vc_column width=&#8221;1\/4&#8243;][vc_single_image image=&#8221;86&#8243; img_size=&#8221;full&#8221; alignment=&#8221;center&#8221; el_class=&#8221;no-space-img&#8221;][vc_column_text el_class=&#8221;al-center colored prod-name&#8221;]<strong>Tilman<\/strong>[\/vc_column_text][\/vc_column][vc_column width=&#8221;1\/4&#8243;][vc_single_image image=&#8221;98&#8243; img_size=&#8221;full&#8221; alignment=&#8221;center&#8221; el_class=&#8221;no-space-img&#8221;][vc_column_text el_class=&#8221;al-center colored prod-name&#8221;]<strong>H&amp;S<\/strong>[\/vc_column_text][\/vc_column][vc_column width=&#8221;1\/4&#8243;][vc_single_image image=&#8221;106&#8243; img_size=&#8221;full&#8221; alignment=&#8221;center&#8221; el_class=&#8221;no-space-img&#8221;][vc_column_text el_class=&#8221;al-center colored prod-name&#8221;]<strong>Sidroga<\/strong>[\/vc_column_text][\/vc_column][vc_column width=&#8221;1\/4&#8243;][\/vc_column][\/vc_row][\/vc_section][vc_section][vc_row el_class=&#8221;prod-intro-row&#8221;][vc_column][vc_column_text el_id=&#8221;prod-3&#8243;]<\/p>\n<div class=\"prod-intro-text\">\n<p><img decoding=\"async\" src=\"\/wp-content\/uploads\/2023\/03\/Group-277.png\" \/><\/p>\n<h3 class=\"upper white\">Baby department<\/h3>\n<\/div>\n<p>[\/vc_column_text][\/vc_column][\/vc_row][vc_row el_class=&#8221;prod-row&#8221;][vc_column width=&#8221;1\/4&#8243;][vc_single_image image=&#8221;88&#8243; img_size=&#8221;full&#8221; alignment=&#8221;center&#8221; el_class=&#8221;no-space-img&#8221;][vc_column_text el_class=&#8221;al-center colored prod-name&#8221;]<strong>Mustela<\/strong>[\/vc_column_text][\/vc_column][vc_column width=&#8221;1\/4&#8243;][vc_single_image image=&#8221;100&#8243; img_size=&#8221;full&#8221; alignment=&#8221;center&#8221; el_class=&#8221;no-space-img&#8221;][vc_column_text el_class=&#8221;al-center colored prod-name&#8221;]<strong>Avent<\/strong>[\/vc_column_text][\/vc_column][vc_column width=&#8221;1\/4&#8243;][vc_single_image image=&#8221;108&#8243; img_size=&#8221;full&#8221; alignment=&#8221;center&#8221; el_class=&#8221;no-space-img&#8221;][vc_column_text el_class=&#8221;al-center colored prod-name&#8221;]<strong>Water Wipes<\/strong>[\/vc_column_text][\/vc_column][vc_column width=&#8221;1\/4&#8243;][\/vc_column][\/vc_row][\/vc_section]<\/p>\n<\/section>","protected":false},"excerpt":{"rendered":"<p>[vc_section full_width=&#8221;stretch_row_content&#8221; el_id=&#8221;intro&#8221; css=&#8221;.vc_custom_1678791177922{background-image: url(\/wp-content\/uploads\/2023\/03\/Mask-Group-6.jpg?id=71) !important;}&#8221;][vc_row full_width=&#8221;stretch_row_content_no_spaces&#8221;][vc_column][vc_single_image image=&#8221;30&#8243; img_size=&#8221;full&#8221; el_id=&#8221;intro-img&#8221; el_class=&#8221;no-space-img&#8221;][\/vc_column][\/vc_row][\/vc_section][vc_section][vc_row][vc_column][vc_column_text] Our parapharmacy and well-being department [\/vc_column_text][vc_column_text]Find in our parapharmacy space a large selection of products<span class=\"excerpt-hellip\"> [\u2026]<\/span><\/p>\n","protected":false},"author":1,"featured_media":0,"parent":0,"menu_order":0,"comment_status":"closed","ping_status":"closed","template":"","meta":{"footnotes":""},"class_list":["post-191","page","type-page","status-publish","hentry"],"yoast_head":"<!-- This site is optimized with the Yoast SEO plugin v20.9 - https:\/\/yoast.com\/wordpress\/plugins\/seo\/ -->\n<title>Pharmacie Merl Place de France | Parapharmacy &amp; well-being<\/title>\n<meta name=\"description\" content=\"Retrouvez dans notre espace parapharmacie une large s\u00e9lection de produits de beaut\u00e9, de soins, d&#039;hygi\u00e8ne et de bien-\u00eatre\" \/>\n<meta name=\"robots\" content=\"index, follow, max-snippet:-1, max-image-preview:large, max-video-preview:-1\" \/>\n<link rel=\"canonical\" href=\"https:\/\/pharmamerl.lu\/en\/our-products\/\" \/>\n<meta property=\"og:locale\" content=\"en_US\" \/>\n<meta property=\"og:type\" content=\"article\" \/>\n<meta property=\"og:title\" content=\"Pharmacie Merl Place de France | Parapharmacy &amp; well-being\" \/>\n<meta property=\"og:description\" content=\"Retrouvez dans notre espace parapharmacie une large s\u00e9lection de produits de beaut\u00e9, de soins, d&#039;hygi\u00e8ne et de bien-\u00eatre\" \/>\n<meta property=\"og:url\" content=\"https:\/\/pharmamerl.lu\/en\/our-products\/\" \/>\n<meta property=\"og:site_name\" content=\"Pharma Merl\" \/>\n<meta property=\"article:modified_time\" content=\"2023-04-27T08:34:19+00:00\" \/>\n<meta name=\"twitter:card\" content=\"summary_large_image\" \/>\n<meta name=\"twitter:label1\" content=\"Est. reading time\" \/>\n\t<meta name=\"twitter:data1\" content=\"2 minutes\" \/>\n<script type=\"application\/ld+json\" class=\"yoast-schema-graph\">{\"@context\":\"https:\/\/schema.org\",\"@graph\":[{\"@type\":\"WebPage\",\"@id\":\"https:\/\/pharmamerl.lu\/en\/our-products\/\",\"url\":\"https:\/\/pharmamerl.lu\/en\/our-products\/\",\"name\":\"Pharmacie Merl Place de France | Parapharmacy & well-being\",\"isPartOf\":{\"@id\":\"https:\/\/pharmamerl.lu\/#website\"},\"datePublished\":\"2023-03-13T11:48:47+00:00\",\"dateModified\":\"2023-04-27T08:34:19+00:00\",\"description\":\"Retrouvez dans notre espace parapharmacie une large s\u00e9lection de produits de beaut\u00e9, de soins, d'hygi\u00e8ne et de bien-\u00eatre\",\"breadcrumb\":{\"@id\":\"https:\/\/pharmamerl.lu\/en\/our-products\/#breadcrumb\"},\"inLanguage\":\"en-US\",\"potentialAction\":[{\"@type\":\"ReadAction\",\"target\":[\"https:\/\/pharmamerl.lu\/en\/our-products\/\"]}]},{\"@type\":\"BreadcrumbList\",\"@id\":\"https:\/\/pharmamerl.lu\/en\/our-products\/#breadcrumb\",\"itemListElement\":[{\"@type\":\"ListItem\",\"position\":1,\"name\":\"Home\",\"item\":\"https:\/\/pharmamerl.lu\/en\/\"},{\"@type\":\"ListItem\",\"position\":2,\"name\":\"Our products\"}]},{\"@type\":\"WebSite\",\"@id\":\"https:\/\/pharmamerl.lu\/#website\",\"url\":\"https:\/\/pharmamerl.lu\/\",\"name\":\"Pharma Merl\",\"description\":\"\",\"inLanguage\":\"en-US\"}]}<\/script>\n<!-- \/ Yoast SEO plugin. -->","yoast_head_json":{"title":"Pharmacie Merl Place de France | Parapharmacy & well-being","description":"Retrouvez dans notre espace parapharmacie une large s\u00e9lection de produits de beaut\u00e9, de soins, d'hygi\u00e8ne et de bien-\u00eatre","robots":{"index":"index","follow":"follow","max-snippet":"max-snippet:-1","max-image-preview":"max-image-preview:large","max-video-preview":"max-video-preview:-1"},"canonical":"https:\/\/pharmamerl.lu\/en\/our-products\/","og_locale":"en_US","og_type":"article","og_title":"Pharmacie Merl Place de France | Parapharmacy & well-being","og_description":"Retrouvez dans notre espace parapharmacie une large s\u00e9lection de produits de beaut\u00e9, de soins, d'hygi\u00e8ne et de bien-\u00eatre","og_url":"https:\/\/pharmamerl.lu\/en\/our-products\/","og_site_name":"Pharma Merl","article_modified_time":"2023-04-27T08:34:19+00:00","twitter_card":"summary_large_image","twitter_misc":{"Est. reading time":"2 minutes"},"schema":{"@context":"https:\/\/schema.org","@graph":[{"@type":"WebPage","@id":"https:\/\/pharmamerl.lu\/en\/our-products\/","url":"https:\/\/pharmamerl.lu\/en\/our-products\/","name":"Pharmacie Merl Place de France | Parapharmacy & well-being","isPartOf":{"@id":"https:\/\/pharmamerl.lu\/#website"},"datePublished":"2023-03-13T11:48:47+00:00","dateModified":"2023-04-27T08:34:19+00:00","description":"Retrouvez dans notre espace parapharmacie une large s\u00e9lection de produits de beaut\u00e9, de soins, d'hygi\u00e8ne et de bien-\u00eatre","breadcrumb":{"@id":"https:\/\/pharmamerl.lu\/en\/our-products\/#breadcrumb"},"inLanguage":"en-US","potentialAction":[{"@type":"ReadAction","target":["https:\/\/pharmamerl.lu\/en\/our-products\/"]}]},{"@type":"BreadcrumbList","@id":"https:\/\/pharmamerl.lu\/en\/our-products\/#breadcrumb","itemListElement":[{"@type":"ListItem","position":1,"name":"Home","item":"https:\/\/pharmamerl.lu\/en\/"},{"@type":"ListItem","position":2,"name":"Our products"}]},{"@type":"WebSite","@id":"https:\/\/pharmamerl.lu\/#website","url":"https:\/\/pharmamerl.lu\/","name":"Pharma Merl","description":"","inLanguage":"en-US"}]}},"_links":{"self":[{"href":"https:\/\/pharmamerl.lu\/en\/wp-json\/wp\/v2\/pages\/191","targetHints":{"allow":["GET"]}}],"collection":[{"href":"https:\/\/pharmamerl.lu\/en\/wp-json\/wp\/v2\/pages"}],"about":[{"href":"https:\/\/pharmamerl.lu\/en\/wp-json\/wp\/v2\/types\/page"}],"author":[{"embeddable":true,"href":"https:\/\/pharmamerl.lu\/en\/wp-json\/wp\/v2\/users\/1"}],"replies":[{"embeddable":true,"href":"https:\/\/pharmamerl.lu\/en\/wp-json\/wp\/v2\/comments?post=191"}],"version-history":[{"count":3,"href":"https:\/\/pharmamerl.lu\/en\/wp-json\/wp\/v2\/pages\/191\/revisions"}],"predecessor-version":[{"id":222,"href":"https:\/\/pharmamerl.lu\/en\/wp-json\/wp\/v2\/pages\/191\/revisions\/222"}],"wp:attachment":[{"href":"https:\/\/pharmamerl.lu\/en\/wp-json\/wp\/v2\/media?parent=191"}],"curies":[{"name":"wp","href":"https:\/\/api.w.org\/{rel}","templated":true}]}}